{"id":121,"date":"2025-01-22T12:56:29","date_gmt":"2025-01-22T12:56:29","guid":{"rendered":"https:\/\/test.crepp.ee\/?page_id=121"},"modified":"2025-01-28T20:51:41","modified_gmt":"2025-01-28T20:51:41","slug":"vota-uhendust","status":"publish","type":"page","link":"https:\/\/test.crepp.ee\/en\/vota-uhendust","title":{"rendered":"Contact"},"content":{"rendered":"<div class=\"wp-block-columns is-layout-flex wp-container-core-columns-is-layout-28f84493 wp-block-columns-is-layout-flex\">\n<div class=\"wp-block-column is-layout-flow wp-block-column-is-layout-flow\" style=\"flex-basis:66.66%\">\n<figure class=\"wp-block-image size-full\"><img loading=\"lazy\" decoding=\"async\" width=\"2560\" height=\"1708\" src=\"https:\/\/test.crepp.ee\/wp-content\/uploads\/2025\/01\/20250113_124636_SilverGutmann_IMG_5419-scaled.jpg\" alt=\"\" class=\"wp-image-117\" srcset=\"https:\/\/test.crepp.ee\/wp-content\/uploads\/2025\/01\/20250113_124636_SilverGutmann_IMG_5419-scaled.jpg 2560w, https:\/\/test.crepp.ee\/wp-content\/uploads\/2025\/01\/20250113_124636_SilverGutmann_IMG_5419-300x200.jpg 300w, https:\/\/test.crepp.ee\/wp-content\/uploads\/2025\/01\/20250113_124636_SilverGutmann_IMG_5419-1024x683.jpg 1024w, https:\/\/test.crepp.ee\/wp-content\/uploads\/2025\/01\/20250113_124636_SilverGutmann_IMG_5419-768x512.jpg 768w, https:\/\/test.crepp.ee\/wp-content\/uploads\/2025\/01\/20250113_124636_SilverGutmann_IMG_5419-200x133.jpg 200w, https:\/\/test.crepp.ee\/wp-content\/uploads\/2025\/01\/20250113_124636_SilverGutmann_IMG_5419-1536x1025.jpg 1536w, https:\/\/test.crepp.ee\/wp-content\/uploads\/2025\/01\/20250113_124636_SilverGutmann_IMG_5419-2048x1366.jpg 2048w\" sizes=\"auto, (max-width: 2560px) 100vw, 2560px\" \/><\/figure>\n<\/div>\n\n\n\n<div class=\"wp-block-column is-layout-flow wp-container-core-column-is-layout-9d14a5a7 wp-block-column-is-layout-flow\" style=\"padding-top:0;padding-bottom:0;flex-basis:33.33%\">\n<div class=\"wp-block-group is-vertical is-layout-flex wp-container-core-group-is-layout-98bb686d wp-block-group-is-layout-flex\">\n<p class=\"has-medium-font-size\" style=\"line-height:1.1\"><strong>Cafe Crepp<\/strong><\/p>\n\n\n\n<p class=\"has-small-font-size\" style=\"line-height:1.1\">R\u00fc\u00fctli 16, Tartu 51007 Eesti<\/p>\n<\/div>\n\n\n\n<div class=\"wp-block-group is-vertical is-layout-flex wp-container-core-group-is-layout-98bb686d wp-block-group-is-layout-flex\">\n<p style=\"line-height:1.1\"><strong>Reservations and take-away<\/strong><\/p>\n\n\n\n<p class=\"has-small-font-size\">Phone: +372 74 22 133<\/p>\n<\/div>\n\n\n\n<div class=\"wp-block-group has-global-padding is-layout-constrained wp-container-core-group-is-layout-19e250f3 wp-block-group-is-layout-constrained\">\n<p style=\"line-height:1.1\"><strong>Additional info<\/strong><\/p>\n\n\n\n<p class=\"has-small-font-size\">crepp@crepp.ee<\/p>\n<\/div>\n<\/div>\n<\/div>\n\n\n\n<hr class=\"wp-block-separator has-alpha-channel-opacity is-style-wide\"\/>\n\n\n\n<div class=\"wp-block-columns is-layout-flex wp-container-core-columns-is-layout-28f84493 wp-block-columns-is-layout-flex\">\n<div class=\"wp-block-column is-layout-flow wp-container-core-column-is-layout-8a368f38 wp-block-column-is-layout-flow\">\n<p style=\"line-height:1.1\"><strong>Karolin Priim\u00e4gi<\/strong><\/p>\n\n\n\n<p class=\"has-small-font-size\" style=\"line-height:1.1\">Manager<\/p>\n\n\n\n<div style=\"height:10px\" aria-hidden=\"true\" class=\"wp-block-spacer\"><\/div>\n\n\n\n<p class=\"has-small-font-size\">karolin@crepp.ee<\/p>\n\n\n\n<p class=\"has-small-font-size\">+372 5899 8380<\/p>\n<\/div>\n\n\n\n<div class=\"wp-block-column is-layout-flow wp-container-core-column-is-layout-8a368f38 wp-block-column-is-layout-flow\">\n<p style=\"line-height:1.1\"><strong>Andres Tover<\/strong><\/p>\n\n\n\n<p class=\"has-small-font-size\" style=\"line-height:1.1\">Chef<\/p>\n\n\n\n<div style=\"height:10px\" aria-hidden=\"true\" class=\"wp-block-spacer\"><\/div>\n\n\n\n<p class=\"has-small-font-size\">andres@crepp.ee<\/p>\n<\/div>\n\n\n\n<div class=\"wp-block-column is-layout-flow wp-container-core-column-is-layout-8a368f38 wp-block-column-is-layout-flow\">\n<p style=\"line-height:1.1\"><strong>Diana Michelson<\/strong><\/p>\n\n\n\n<p class=\"has-small-font-size\" style=\"line-height:1.1\">Marketing Project Manager<\/p>\n\n\n\n<div style=\"height:10px\" aria-hidden=\"true\" class=\"wp-block-spacer\"><\/div>\n\n\n\n<p class=\"has-small-font-size\">diana@crepp.ee<\/p>\n\n\n\n<p class=\"has-small-font-size\">+372 5836 4500<\/p>\n<\/div>\n<\/div>\n\n\n\n<div style=\"height:74px\" aria-hidden=\"true\" class=\"wp-block-spacer\"><\/div>\n\n\n<iframe src=\"https:\/\/www.google.com\/maps\/embed?pb=!1m18!1m12!1m3!1d2091.6818048207324!2d26.718709077081456!3d58.38190297416939!2m3!1f0!2f0!3f0!3m2!1i1024!2i768!4f13.1!3m3!1m2!1s0x46eb36e6c3b48a3d%3A0xbfc9c789dc2fbe6!2sCrepp!5e0!3m2!1sen!2see!4v1738097183923!5m2!1sen!2see\" width=\"800\" height=\"200\" style=\"border:0;\" allowfullscreen=\"\" loading=\"lazy\" referrerpolicy=\"no-referrer-when-downgrade\"><\/iframe>","protected":false},"excerpt":{"rendered":"<p>Kohvik &#8220;Crepp&#8221; R\u00fc\u00fctli 16, Tartu 51007 Eesti Broneeringud ja kaasa tellimine Tel. +372 74 22 133 Info ja p\u00e4ringud crepp@crepp.ee Karolin Priim\u00e4gi Kohviku juhataja karolin@crepp.ee +372 5899 8380 Andres Tover Peakokk andres@crepp.ee Diana Michelson Turunduse projektijuht diana@crepp.ee +372 5836 4500<\/p>","protected":false},"author":1,"featured_media":0,"parent":0,"menu_order":0,"comment_status":"closed","ping_status":"closed","template":"","meta":{"footnotes":""},"class_list":["post-121","page","type-page","status-publish","hentry"],"_links":{"self":[{"href":"https:\/\/test.crepp.ee\/en\/wp-json\/wp\/v2\/pages\/121","targetHints":{"allow":["GET"]}}],"collection":[{"href":"https:\/\/test.crepp.ee\/en\/wp-json\/wp\/v2\/pages"}],"about":[{"href":"https:\/\/test.crepp.ee\/en\/wp-json\/wp\/v2\/types\/page"}],"author":[{"embeddable":true,"href":"https:\/\/test.crepp.ee\/en\/wp-json\/wp\/v2\/users\/1"}],"replies":[{"embeddable":true,"href":"https:\/\/test.crepp.ee\/en\/wp-json\/wp\/v2\/comments?post=121"}],"version-history":[{"count":7,"href":"https:\/\/test.crepp.ee\/en\/wp-json\/wp\/v2\/pages\/121\/revisions"}],"predecessor-version":[{"id":234,"href":"https:\/\/test.crepp.ee\/en\/wp-json\/wp\/v2\/pages\/121\/revisions\/234"}],"wp:attachment":[{"href":"https:\/\/test.crepp.ee\/en\/wp-json\/wp\/v2\/media?parent=121"}],"curies":[{"name":"wp","href":"https:\/\/api.w.org\/{rel}","templated":true}]}}